{"id":922,"date":"2025-06-13T09:36:17","date_gmt":"2025-06-13T07:36:17","guid":{"rendered":"https:\/\/nalesso.it\/privacy-policy\/"},"modified":"2026-03-09T09:29:19","modified_gmt":"2026-03-09T08:29:19","slug":"privacy-policy","status":"publish","type":"page","link":"https:\/\/nalesso.it\/en\/privacy-policy\/","title":{"rendered":"Privacy Policy"},"content":{"rendered":"\t\t<div data-elementor-type=\"wp-page\" data-elementor-id=\"922\" class=\"elementor elementor-922 elementor-48\" data-elementor-post-type=\"page\">\n\t\t\t\t<div class=\"elementor-element elementor-element-72c093c e-flex e-con-boxed e-con e-parent\" data-id=\"72c093c\" data-element_type=\"container\" data-e-type=\"container\" data-settings=\"{&quot;background_background&quot;:&quot;classic&quot;}\">\n\t\t\t\t\t<div class=\"e-con-inner\">\n\t\t\t\t<div class=\"elementor-element elementor-element-1c51e24 elementor-widget elementor-widget-heading\" data-id=\"1c51e24\" data-element_type=\"widget\" data-e-type=\"widget\" data-widget_type=\"heading.default\">\n\t\t\t\t<div class=\"elementor-widget-container\">\n\t\t\t\t\t<h1 class=\"elementor-heading-title elementor-size-default\">Privacy Policy<\/h1>\t\t\t\t<\/div>\n\t\t\t\t<\/div>\n\t\t\t\t<div class=\"elementor-element elementor-element-998c8fe elementor-widget elementor-widget-text-editor\" data-id=\"998c8fe\" data-element_type=\"widget\" data-e-type=\"widget\" data-widget_type=\"text-editor.default\">\n\t\t\t\t<div class=\"elementor-widget-container\">\n\t\t\t\t\t\t\t\t\t<div class=\"elementor-element elementor-element-fb86916 elementor-widget elementor-widget-text-editor\" data-id=\"fb86916\" data-element_type=\"widget\" data-widget_type=\"text-editor.default\"><p class=\"elementor-widget-container\">LA NOSTRA POLICY E L\u2019INFORMATIVA IN MATERIA DI PROTEZIONE DEI DATI PERSONALI<\/p><\/div><div class=\"elementor-widget-container\"><p class=\"elementor-heading-title elementor-size-default\"><strong>IL NOSTRO IMPEGNO PER LA TUTELA DEI DATI PERSONALI<\/strong><\/p><\/div><div class=\"elementor-element elementor-element-9487650 elementor-widget elementor-widget-text-editor\" data-id=\"9487650\" data-element_type=\"widget\" data-widget_type=\"text-editor.default\"><div class=\"elementor-widget-container\"><p><strong>Informativa Privacy ai sensi del D. Lgs 30 giugno 2003 n. 196 e del Regolamento Europeo per la protezione dei dati personali n. 679\/2016, (GDPR) e successive modifiche.<\/strong><\/p><p><b><\/b>Gentile Utente, in questa pagina troverai le informazioni relative alle modalit\u00e0 di gestione dei tuoi dati personali gestiti attraverso il nostro sito. La riservatezza, la protezione e la sicurezza dei dati trattati riveste una particolare rilevanza: per questo la nostra azienda riserva la massima attenzione alla protezione dei tuoi dati personali.<br \/>La sicurezza dei dati e il rispetto dei diritti degli interessati \u00e8 la base del rapporto di cooperazione fiduciario con i nostri clienti, partner e dipendenti e, in generale, con tutti i soggetti che entrano in contatto con la nostra Societ\u00e0.<br \/>Per questo motivo quando raccogliamo, trattiamo e conserviamo dati personali rispettiamo tutti i requisiti di legge, in particolare le disposizioni del Regolamento sulla protezione dei dati dell\u2019UE (Regolamento Europeo sulla Protezione dei Data Personali 2016\/679 \u201cGDPR\u201d) e tutte le normative sulla protezione dei dati personali applicabili.<br \/>Di seguito sono descritti principi e misure per proteggere i diritti e le libert\u00e0 delle persone fisiche che entrano in contatto con la nostra Azienda, in relazione al trattamento dei loro dati personali.<br \/>Ti comunichiamo che il presente sito rispetta e tutela la riservatezza dei visitatori e degli utenti, ponendo in essere ogni sforzo possibile e proporzionato per non ledere i diritti degli utenti.<br \/>La presente privacy policy si applica esclusivamente alle attivit\u00e0 online del presente sito e alla posta elettronica utilizzata ed \u00e8 valida per i visitatori\/utenti del sito. Non si applica alle informazioni raccolte tramite canali diversi dal presente sito web. Lo scopo dell\u2019informativa privacy \u00e8 di fornire la massima trasparenza relativamente alle informazioni che il sito raccoglie e come le usa.<\/p><p><b>TITOLARE DEL TRATTAMENTO<\/b><\/p><p>Il Titolare dei dati trattati mediante l\u2019inserimento nei format e l\u2019invio dei tuoi dati personali \u00e8 societ\u00e0 NALESSO S.R.L, con sede legale in via Sant\u2019Antonio n.6, 35030 Rubano (PD), P.IVA 042538020288, P.e.c.:\u00a0<span class=\"s1\"><a href=\"mailto:info@pec.nalessosrl.it\">info@pec.nalessosrl.it<\/a><\/span>\u00a0.<b><\/b><\/p><p><b>BASE GIURIDICA DEL TRATTAMENTO<\/b><\/p><p>Il presente sito tratta i dati in base all\u2019esecuzione di un contratto, all\u2019adempimento di obblighi di legge, all\u2019interesse legittimo del titolare (es. tutela giudiziaria) e al Tuo consenso.<br \/>Il trattamento dei dati sar\u00e0 effettuato per le finalit\u00e0 di cui al punto seguente nel rispetto delle norme privacy in vigore; improntato ai principi di correttezza, liceit\u00e0 e trasparenza e svolto nell\u2019osservanza dei principi di pertinenza, completezza e non eccedenza e potr\u00e0 essere effettuato con o senza l\u2019ausilio di mezzi elettronici, informatici e telematici.<br \/>Il trattamento potr\u00e0 consistere nelle seguenti operazioni: raccolta, registrazione, organizzazione e conservazione, consultazione e utilizzo, elaborazione, modificazione, selezione, estrazione, raffronto, interconnessione, trasmissione e comunicazione, cancellazione e distruzione, blocco e limitazione.<br \/>Il trattamento sar\u00e0 svolto dal Titolare, dai Responsabili del trattamento esterni e da soggetti specificamente autorizzati ed istruiti dal Titolare al corretto trattamento dei dati.<\/p><p><b>FINALITA\u2019 DEL TRATTAMENTO<\/b><\/p><p>Il trattamento dei dati \u00e8 effettuato per le comunicazioni richieste dall\u2019esecuzione del servizio, per gestire la Tua richiesta e per garantire una migliore navigazione.<\/p><p><b>Navigazione sul sito, dati raccolti e finalit\u00e0 del trattamento<\/b><\/p><p>Con l\u2019uso o la consultazione del presente sito i visitatori e gli utenti approvano esplicitamente la presente informativa privacy e acconsentono al trattamento dei loro dati personali in relazione alle modalit\u00e0 e alle finalit\u00e0 di seguito descritte, mentre per le attivit\u00e0 che necessitano del consenso, questo verr\u00e0 richiesto esplicitamente.<br \/>All\u2019interno del sito di Nalesso S.r.l. compare un form per l\u2019inserimento di dati personali nella sezione \u201cnewsletter\u201d.<br \/>Quando compili il form nella sezione \u201cnewsletter\u201d e presti il consenso, ci invii il Tuo indirizzo di posta elettronica e ci autorizzi ad utilizzarlo per rispondere alla Tua richiesta o per l\u2019invio di informazioni commerciali.<br \/>Il conferimento dei dati \u00e8 facoltativo, Puoi non conferirli, e puoi revocare in qualsiasi momento il consenso gi\u00e0 fornito. Tuttavia, il conferimento dei dati personali \u00e8 necessario per l\u2019esecuzione del servizio, consistente nel poter essere informati sulle offerte in corso.<br \/>Quando accedete al nostro sito, inoltre, riceviamo automaticamente l\u2019indirizzo IP del computer per fornire informazioni che ci aiutano a conoscere il tuo browser e il tuo sistema operativo.<br \/>Navigando sul nostro sito, cio\u00e8, verranno raccolti i dati mediante l\u2019uso di log files nei quali vengono conservate informazioni raccolte in maniera automatizzata durante le visite degli utenti. Le informazioni raccolte potrebbero essere le seguenti:<br \/>\u2013 indirizzo internet protocol (IP);<br \/>\u2013 tipo di browser e parametri del dispositivo usato per connettersi al sito;<br \/>\u2013 nome dell\u2019internet service provider (ISP);<br \/>\u2013 data e orario di visita;<br \/>\u2013 pagina web di provenienza del visitatore (referral) e di uscita;<br \/>\u2013 eventualmente il numero di click;<br \/>\u2013 operazioni effettuate all\u2019interno del sito;<\/p><p><b>MODALITA\u2019 DI TRATTAMENTO<\/b><\/p><p>Il trattamento dei Tuoi dati personali \u00e8 realizzato per mezzo delle operazioni indicate all\u2019art. 4 n. 2 GDPR, e precisamente: raccolta, registrazione, organizzazione, strutturazione, conservazione, adattamento o modifica, estrazione, consultazione, uso, comunicazione mediante trasmissione, diffusione o qualsiasi altra forma di messa a disposizione, raffronto o interconnessione, limitazione, cancellazione e distruzione dei dati.\u00a0<br \/>I Tuoi dati personali sono sottoposti a trattamento sia cartaceo che elettronico.<\/p><p><b>TEMPO DEL TRATTAMENTO E CONSERVAZIONE:<\/b><\/p><p>I dati ricevuti verranno utilizzati esclusivamente per l\u2019erogazione del servizio richiesto e fino all\u2019eventuale revoca del consenso. Al termine del servizio, in mancanza di revoca del consenso, verranno conservati per ulteriori 10 anni o per il diverso tempo richiesto dalla legge o da regolamenti in vigore.<\/p><p><b>CONSENSO<\/b><\/p><p>Nel momento in cui ci fornisci le informazioni personali, esprimi il consenso al loro utilizzo solo ai fini di essere ricontattato per informarTi sulle offerte commerciali del Titolare. Ti chiederemo di dichiarare di aver preso visione della presente informativa e di aver compiuto 16 anni.<\/p><p>Se, dopo aver prestato il consenso, cambi la tua opinione, potrai ritirare il consenso in ogni momento contattando il Titolare del Trattamento a\u00a0<a href=\"mailto:privacy@nalessosrl.it\">privacy@nalessosrl.it<\/a><\/p><p><b>COMUNICAZIONI<\/b><\/p><p>Possiamo comunicare le Tue informazioni personali se ci \u00e8 richiesto dalla legge, le Tue richieste giungeranno a soggetti incaricati e istruiti dal Titolare, a responsabili esterni espressamente designati che operano per conto del Titolare, agli amministratori di sistema<br \/>I dati potranno essere trattati da collaboratori autorizzati dal Titolare, dall\u2019Amministratore di sistema, dal tecnico informatico, dal Provider di posta elettronica.<br \/>I dati non sono soggetti a diffusione.<br \/>I dati inseriti nel form saranno comunicati al Titolare con posta elettronica. L\u2019Azienda utilizza\u00a0quale provider di posta elettronica\u00a0di\u00a0Microsoft che memorizza ed elabora i dati nell\u2019area geografica dell\u2019utente, negli Stati Uniti e in qualunque altro paese in cui hanno sede Microsoft, societ\u00e0 affiliate, filiali o provider di servizi. Microsoft gestisce i principali data center nei seguenti paesi: Australia, Austria, Brasile, Canada, Cile, Corea, Finlandia, Francia, Germania, Giappone, Hong Kong, India, Irlanda, Lussemburgo, Malaysia, Paesi Bassi, Regno Unito, Singapore, Stati Uniti e Sudafrica. In genere, la posizione di archiviazione principale \u00e8 nell\u2019area geografica del cliente o negli Stati Uniti, spesso con un backup in un data center in un\u2019altra area geografica. Le posizioni di archiviazione vengono scelte in modo da funzionare con efficienza, per migliorare le prestazioni e per creare ridondanza al fine di proteggere i dati in caso di interruzione del servizio o di un altro problema. Microsoft implementa le dovute misure per garantire che i dati raccolti ai sensi della presente informativa sulla privacy siano elaborati secondo le disposizioni della presente informativa e dei requisiti di legge in vigore, ovunque si trovino i dati.<\/p><p><b>SERVIZI DI TERZI<\/b><\/p><p>Una volta lasciato il nostro sito web e se vieni reindirizzato a un sito web o ad un\u2019applicazione di terze parti, non sei pi\u00f9 soggetto alla nostra Privacy Policy.<\/p><p><b>COOKIE<\/b><\/p><p>Le pagine visitate dall\u2019utente possono inviare al suo terminale (solitamente al browser) i c.d. cookies, vale a dire stringhe di testo di piccole dimensioni che ne memorizzano il passaggio. I cookies possono essere utilizzati per differenti finalit\u00e0: monitoraggio di sessioni, memorizzazione di informazioni specifiche, etc.<\/p><p><b>Cookie tecnici e analitici<\/b>: Utilizziamo i cookie tecnici e analitici in forma anonima con Google.<\/p><p>Per ogni dettaglio relativo ai cookies utilizzati da Nalesso SRL si rinvia alla specifica Informativa estesa Cookies.<\/p><p><b>Disabilitazione cookies<\/b><\/p><p>Le scelte dei cookies sono collegati al browser utilizzato e possono essere disabilitati direttamente dal browser, cos\u00ec rifiutando\/revocando il consenso all\u2019uso dei cookies. Occorre tenere presente che la disabilitazione dei cookies potrebbe impedire il corretto utilizzo di alcune funzioni del sito stesso.<\/p><p>Le istruzioni per la disabilitazione dei cookies si trovano alle seguenti pagine web:<\/p><p>Mozilla Firefox \u2013 Microsoft Internet Explorer \u2013 Microsoft Edge \u2013 Google Chrome \u2013 Opera \u2013 Apple Safari.<\/p><p><b>DIRITTI DELL\u2019UTENTE<\/b><\/p><p>Ai sensi del Regolamento europeo 679\/2016 (GDPR) e della normativa nazionale, l\u2019Utente pu\u00f2, secondo le modalit\u00e0 e nei limiti previsti dalla vigente normativa, esercitare i seguenti diritti:<br \/>\u2013 richiedere la conferma dell\u2019esistenza di dati personali che lo riguardano (diritto di accesso);<br \/>\u2013 conoscerne l\u2019origine e riceverne comunicazione intelligibile;<br \/>\u2013 avere informazioni circa la logica, le modalit\u00e0 e le finalit\u00e0 del trattamento;<br \/>\u2013 richiederne l\u2019aggiornamento, la rettifica, la limitazione, l\u2019integrazione, la cancellazione, la trasformazione in forma anonima, il blocco dei dati trattati in violazione di legge, ivi compresi quelli non pi\u00f9 necessari al perseguimento degli scopi per i quali sono stati raccolti;<br \/>\u2013 nei casi di trattamento basato su consenso, ricevere al solo costo dell\u2019eventuale supporto, i suoi dati forniti al titolare, in forma strutturata e leggibile da un elaboratore di dati e in un formato comunemente usato da un dispositivo elettronico;<br \/>\u2013 il diritto di presentare un reclamo all\u2019Autorit\u00e0 di controllo (Garante Privacy \u2013 link alla pagina del Garante);<br \/>\u2013 nonch\u00e9, pi\u00f9 in generale, esercitare tutti i diritti che gli sono riconosciuti dalle vigenti disposizioni di legge.<\/p><p><b>Le richieste vanno rivolte al seguente indirizzo:\u00a0<\/b><a href=\"mailto:privacy@nalessosrl.it\">privacy@nalessosrl.it<\/a><\/p><p><b>MODIFICHE A QUESTA POLITICA DI PRIVACY<\/b><\/p><p>Ci riserviamo il diritto di modificare questa politica sulla privacy in qualsiasi momento. Le modifiche e le precisazioni avranno effetto immediatamente dopo la loro pubblicazione sul sito web. Se apporteremo modifiche a questa privacy policy, ti informeremo qui che \u00e8 stata aggiornata per essere a conoscenza di quali informazioni raccogliamo, come la usiamo e in quali circostanze, se del caso, utilizziamo e \/ o divulghiamo.<\/p><p>Ultimo aggiornamento 10 Aprile 2019<\/p><\/div><\/div>\t\t\t\t\t\t\t\t<\/div>\n\t\t\t\t<\/div>\n\t\t\t\t\t<\/div>\n\t\t\t\t<\/div>\n\t\t\t\t<\/div>\n\t\t","protected":false},"excerpt":{"rendered":"<p>Privacy Policy LA NOSTRA POLICY E L\u2019INFORMATIVA IN MATERIA DI PROTEZIONE DEI DATI PERSONALI IL NOSTRO IMPEGNO PER LA TUTELA DEI DATI PERSONALI Informativa Privacy ai sensi del D. Lgs 30 giugno 2003 n. 196 e del Regolamento Europeo per la protezione dei dati personali n. 679\/2016, (GDPR) e successive modifiche. Gentile Utente, in questa [&hellip;]<\/p>\n","protected":false},"author":1,"featured_media":0,"parent":0,"menu_order":1000,"comment_status":"closed","ping_status":"closed","template":"","meta":{"_acf_changed":false,"footnotes":""},"class_list":["post-922","page","type-page","status-publish","hentry"],"acf":[],"yoast_head":"<!-- This site is optimized with the Yoast SEO plugin v27.3 - https:\/\/yoast.com\/product\/yoast-seo-wordpress\/ -->\n<title>Privacy Policy - Nalesso<\/title>\n<meta name=\"robots\" content=\"index, follow, max-snippet:-1, max-image-preview:large, max-video-preview:-1\" \/>\n<link rel=\"canonical\" href=\"https:\/\/nalesso.it\/en\/privacy-policy\/\" \/>\n<meta property=\"og:locale\" content=\"en_US\" \/>\n<meta property=\"og:type\" content=\"article\" \/>\n<meta property=\"og:title\" content=\"Privacy Policy - Nalesso\" \/>\n<meta property=\"og:description\" content=\"Privacy Policy LA NOSTRA POLICY E L\u2019INFORMATIVA IN MATERIA DI PROTEZIONE DEI DATI PERSONALI IL NOSTRO IMPEGNO PER LA TUTELA DEI DATI PERSONALI Informativa Privacy ai sensi del D. Lgs 30 giugno 2003 n. 196 e del Regolamento Europeo per la protezione dei dati personali n. 679\/2016, (GDPR) e successive modifiche. Gentile Utente, in questa [&hellip;]\" \/>\n<meta property=\"og:url\" content=\"https:\/\/nalesso.it\/en\/privacy-policy\/\" \/>\n<meta property=\"og:site_name\" content=\"Nalesso\" \/>\n<meta property=\"article:modified_time\" content=\"2026-03-09T08:29:19+00:00\" \/>\n<meta name=\"twitter:card\" content=\"summary_large_image\" \/>\n<meta name=\"twitter:label1\" content=\"Est. reading time\" \/>\n\t<meta name=\"twitter:data1\" content=\"18 minutes\" \/>\n<script type=\"application\/ld+json\" class=\"yoast-schema-graph\">{\"@context\":\"https:\\\/\\\/schema.org\",\"@graph\":[{\"@type\":\"WebPage\",\"@id\":\"https:\\\/\\\/nalesso.it\\\/en\\\/privacy-policy\\\/\",\"url\":\"https:\\\/\\\/nalesso.it\\\/en\\\/privacy-policy\\\/\",\"name\":\"Privacy Policy - Nalesso\",\"isPartOf\":{\"@id\":\"https:\\\/\\\/nalesso.it\\\/en\\\/#website\"},\"datePublished\":\"2025-06-13T07:36:17+00:00\",\"dateModified\":\"2026-03-09T08:29:19+00:00\",\"breadcrumb\":{\"@id\":\"https:\\\/\\\/nalesso.it\\\/en\\\/privacy-policy\\\/#breadcrumb\"},\"inLanguage\":\"en-US\",\"potentialAction\":[{\"@type\":\"ReadAction\",\"target\":[\"https:\\\/\\\/nalesso.it\\\/en\\\/privacy-policy\\\/\"]}]},{\"@type\":\"BreadcrumbList\",\"@id\":\"https:\\\/\\\/nalesso.it\\\/en\\\/privacy-policy\\\/#breadcrumb\",\"itemListElement\":[{\"@type\":\"ListItem\",\"position\":1,\"name\":\"Home\",\"item\":\"https:\\\/\\\/nalesso.it\\\/en\\\/\"},{\"@type\":\"ListItem\",\"position\":2,\"name\":\"Privacy Policy\"}]},{\"@type\":\"WebSite\",\"@id\":\"https:\\\/\\\/nalesso.it\\\/en\\\/#website\",\"url\":\"https:\\\/\\\/nalesso.it\\\/en\\\/\",\"name\":\"Nalesso\",\"description\":\"Soluzioni di arredo su misura per Hotel, Retail, Residenze e Yacht.\",\"publisher\":{\"@id\":\"https:\\\/\\\/nalesso.it\\\/en\\\/#organization\"},\"potentialAction\":[{\"@type\":\"SearchAction\",\"target\":{\"@type\":\"EntryPoint\",\"urlTemplate\":\"https:\\\/\\\/nalesso.it\\\/en\\\/?s={search_term_string}\"},\"query-input\":{\"@type\":\"PropertyValueSpecification\",\"valueRequired\":true,\"valueName\":\"search_term_string\"}}],\"inLanguage\":\"en-US\"},{\"@type\":\"Organization\",\"@id\":\"https:\\\/\\\/nalesso.it\\\/en\\\/#organization\",\"name\":\"Nalesso\",\"url\":\"https:\\\/\\\/nalesso.it\\\/en\\\/\",\"logo\":{\"@type\":\"ImageObject\",\"inLanguage\":\"en-US\",\"@id\":\"https:\\\/\\\/nalesso.it\\\/en\\\/#\\\/schema\\\/logo\\\/image\\\/\",\"url\":\"https:\\\/\\\/nalesso.it\\\/wp-content\\\/uploads\\\/2025\\\/06\\\/nalesso_logo-1.svg\",\"contentUrl\":\"https:\\\/\\\/nalesso.it\\\/wp-content\\\/uploads\\\/2025\\\/06\\\/nalesso_logo-1.svg\",\"caption\":\"Nalesso\"},\"image\":{\"@id\":\"https:\\\/\\\/nalesso.it\\\/en\\\/#\\\/schema\\\/logo\\\/image\\\/\"}}]}<\/script>\n<!-- \/ Yoast SEO plugin. -->","yoast_head_json":{"title":"Privacy Policy - Nalesso","robots":{"index":"index","follow":"follow","max-snippet":"max-snippet:-1","max-image-preview":"max-image-preview:large","max-video-preview":"max-video-preview:-1"},"canonical":"https:\/\/nalesso.it\/en\/privacy-policy\/","og_locale":"en_US","og_type":"article","og_title":"Privacy Policy - Nalesso","og_description":"Privacy Policy LA NOSTRA POLICY E L\u2019INFORMATIVA IN MATERIA DI PROTEZIONE DEI DATI PERSONALI IL NOSTRO IMPEGNO PER LA TUTELA DEI DATI PERSONALI Informativa Privacy ai sensi del D. Lgs 30 giugno 2003 n. 196 e del Regolamento Europeo per la protezione dei dati personali n. 679\/2016, (GDPR) e successive modifiche. Gentile Utente, in questa [&hellip;]","og_url":"https:\/\/nalesso.it\/en\/privacy-policy\/","og_site_name":"Nalesso","article_modified_time":"2026-03-09T08:29:19+00:00","twitter_card":"summary_large_image","twitter_misc":{"Est. reading time":"18 minutes"},"schema":{"@context":"https:\/\/schema.org","@graph":[{"@type":"WebPage","@id":"https:\/\/nalesso.it\/en\/privacy-policy\/","url":"https:\/\/nalesso.it\/en\/privacy-policy\/","name":"Privacy Policy - Nalesso","isPartOf":{"@id":"https:\/\/nalesso.it\/en\/#website"},"datePublished":"2025-06-13T07:36:17+00:00","dateModified":"2026-03-09T08:29:19+00:00","breadcrumb":{"@id":"https:\/\/nalesso.it\/en\/privacy-policy\/#breadcrumb"},"inLanguage":"en-US","potentialAction":[{"@type":"ReadAction","target":["https:\/\/nalesso.it\/en\/privacy-policy\/"]}]},{"@type":"BreadcrumbList","@id":"https:\/\/nalesso.it\/en\/privacy-policy\/#breadcrumb","itemListElement":[{"@type":"ListItem","position":1,"name":"Home","item":"https:\/\/nalesso.it\/en\/"},{"@type":"ListItem","position":2,"name":"Privacy Policy"}]},{"@type":"WebSite","@id":"https:\/\/nalesso.it\/en\/#website","url":"https:\/\/nalesso.it\/en\/","name":"Nalesso","description":"Soluzioni di arredo su misura per Hotel, Retail, Residenze e Yacht.","publisher":{"@id":"https:\/\/nalesso.it\/en\/#organization"},"potentialAction":[{"@type":"SearchAction","target":{"@type":"EntryPoint","urlTemplate":"https:\/\/nalesso.it\/en\/?s={search_term_string}"},"query-input":{"@type":"PropertyValueSpecification","valueRequired":true,"valueName":"search_term_string"}}],"inLanguage":"en-US"},{"@type":"Organization","@id":"https:\/\/nalesso.it\/en\/#organization","name":"Nalesso","url":"https:\/\/nalesso.it\/en\/","logo":{"@type":"ImageObject","inLanguage":"en-US","@id":"https:\/\/nalesso.it\/en\/#\/schema\/logo\/image\/","url":"https:\/\/nalesso.it\/wp-content\/uploads\/2025\/06\/nalesso_logo-1.svg","contentUrl":"https:\/\/nalesso.it\/wp-content\/uploads\/2025\/06\/nalesso_logo-1.svg","caption":"Nalesso"},"image":{"@id":"https:\/\/nalesso.it\/en\/#\/schema\/logo\/image\/"}}]}},"_links":{"self":[{"href":"https:\/\/nalesso.it\/en\/wp-json\/wp\/v2\/pages\/922","targetHints":{"allow":["GET"]}}],"collection":[{"href":"https:\/\/nalesso.it\/en\/wp-json\/wp\/v2\/pages"}],"about":[{"href":"https:\/\/nalesso.it\/en\/wp-json\/wp\/v2\/types\/page"}],"author":[{"embeddable":true,"href":"https:\/\/nalesso.it\/en\/wp-json\/wp\/v2\/users\/1"}],"replies":[{"embeddable":true,"href":"https:\/\/nalesso.it\/en\/wp-json\/wp\/v2\/comments?post=922"}],"version-history":[{"count":6,"href":"https:\/\/nalesso.it\/en\/wp-json\/wp\/v2\/pages\/922\/revisions"}],"predecessor-version":[{"id":4415,"href":"https:\/\/nalesso.it\/en\/wp-json\/wp\/v2\/pages\/922\/revisions\/4415"}],"wp:attachment":[{"href":"https:\/\/nalesso.it\/en\/wp-json\/wp\/v2\/media?parent=922"}],"curies":[{"name":"wp","href":"https:\/\/api.w.org\/{rel}","templated":true}]}}